{"id":592,"date":"2023-03-02T17:12:22","date_gmt":"2023-03-02T16:12:22","guid":{"rendered":"https:\/\/biounica.it\/?post_type=product&#038;p=592"},"modified":"2024-07-24T15:25:05","modified_gmt":"2024-07-24T13:25:05","slug":"umivet-z-mangime-complementare-a-base-di-carbone-vegetale","status":"publish","type":"product","link":"https:\/\/biounica.it\/en\/prodotto\/umivet-z-mangime-complementare-a-base-di-carbone-vegetale\/","title":{"rendered":"UMIVET-Z Mangime complementare a base di carbone vegetale"},"content":{"rendered":"<p><strong>Composizione<\/strong>: carbone vegetale (49,05% di cui acido umico 22,3% e acido fulvico 21,7%, fibra grezza &lt; 0.1 %) melasso di barbabietola da zucchero (zucchero totale: ca 17- 20%).<br \/>\nInformazioni sul prodotto tal quale (non diluito) : B** A* Proteina grezza 37,70 % 37,70 % Cellulosa grezza 22,9 % 22,9 % Oli e grassi grezzi 3,9 % 3,9 % Ceneri grezze 5,5 % 5,5 % Umidit\u00e0 19,55 % 19,55 % Lisina 9,74 % Metionina 5,74 % Sodio 0,54 %<\/p>\n<p><strong>Modo<\/strong> <strong>d\u2019uso<\/strong>: Agitare prima dell\u2019assunzione da parte dell\u2019animale.<\/p>\n<p><strong>Dosaggio consigliato<\/strong>: Preparare una miscela di acqua e UMIVET al 3%. Dose miscela per peso animale:<\/p>\n<ul>\n<li>da 0 a 15 Kg: 10 ml\/giorno<\/li>\n<li>da 15 a 50 Kg: 30 ml\/giorno<\/li>\n<li>da 50 a 150 Kg: 60 ml\/giorno<\/li>\n<li>oltre 150 Kg:150 ml\/giorno<\/li>\n<\/ul>\n<p>Il dosaggio pu\u00f2 essere modificato in base alle diverse condizioni fisiologiche o patologiche di utilizzo. Vi invitiamo in proposito a contattare il nostro servizio tecnico.<\/p>\n<p>Il prodotto miscelato si mantiene per almeno 15 giorni in bottiglia o altro contenitore chiuso.<\/p>\n<p><strong>Modalit\u00e0 di conservazione<\/strong>: Conservare al buio, in un luogo pulito a temperatura ambiente. Il termine minimo di conservazione si riferisce al prodotto correttamente conservato, in confezione integra.<\/p>\n","protected":false},"excerpt":{"rendered":"<p><strong>CONFENZIONE IN BIDONI DA 25 KG<\/strong><\/p>\n<p>UMIVET-Z a differenza di UMIVET \u00e8 un integratore pi\u00f9 concentrato per un uso pi\u00f9 incisivo ed immediato, sempre a base di acidi Umici e Fulvici e studiato appositamente per l\u2019uso animale. Aiuta a mantenere la flora intestinale attiva riducendo il proliferare di patogeni, e sostenendo efficacemente il sistema immunitario.<\/p>\n","protected":false},"featured_media":595,"template":"","meta":[],"product_brand":[],"product_cat":[28],"product_tag":[],"class_list":{"0":"post-592","1":"product","2":"type-product","3":"status-publish","4":"has-post-thumbnail","6":"product_cat-per-gli-animali-dallevamento","8":"first","9":"outofstock","10":"purchasable","11":"product-type-simple"},"vendbase_metabox":null,"vendbase_jetengine":null,"vendbase_acf":null,"tiered_pricing_type":"fixed","tiered_pricing_fixed_rules":[],"tiered_pricing_product_settings":{"layout":"default","base_unit_name":{"singular":null,"plural":null},"default_variation":null},"tiered_pricing_minimum_quantity":null,"tiered_pricing_roles_data":[],"tiered_pricing_percentage_rules":[],"_links":{"self":[{"href":"https:\/\/biounica.it\/en\/wp-json\/wp\/v2\/product\/592","targetHints":{"allow":["GET"]}}],"collection":[{"href":"https:\/\/biounica.it\/en\/wp-json\/wp\/v2\/product"}],"about":[{"href":"https:\/\/biounica.it\/en\/wp-json\/wp\/v2\/types\/product"}],"wp:featuredmedia":[{"embeddable":true,"href":"https:\/\/biounica.it\/en\/wp-json\/wp\/v2\/media\/595"}],"wp:attachment":[{"href":"https:\/\/biounica.it\/en\/wp-json\/wp\/v2\/media?parent=592"}],"wp:term":[{"taxonomy":"product_brand","embeddable":true,"href":"https:\/\/biounica.it\/en\/wp-json\/wp\/v2\/product_brand?post=592"},{"taxonomy":"product_cat","embeddable":true,"href":"https:\/\/biounica.it\/en\/wp-json\/wp\/v2\/product_cat?post=592"},{"taxonomy":"product_tag","embeddable":true,"href":"https:\/\/biounica.it\/en\/wp-json\/wp\/v2\/product_tag?post=592"}],"curies":[{"name":"wp","href":"https:\/\/api.w.org\/{rel}","templated":true}]}}